{"id":620,"date":"2024-05-24T15:00:11","date_gmt":"2024-05-24T19:00:11","guid":{"rendered":"https:\/\/cie-mic.com\/conseil-de-lindustrie-de-lerable\/"},"modified":"2024-10-18T13:10:31","modified_gmt":"2024-10-18T17:10:31","slug":"conseil-de-lindustrie-de-lerable","status":"publish","type":"page","link":"https:\/\/cie-mic.com\/en\/","title":{"rendered":"Maple Industry Council"},"content":{"rendered":"<section class=\"l-section wpb_row hero-section with-photo height_medium color_alternate with_img\"><div class=\"l-section-img\" role=\"img\" aria-label=\"Photo sirop d&#039;\u00e9rable page d&#039;accueil\" data-img-width=\"1152\" data-img-height=\"768\" style=\"background-image: url(https:\/\/cie-mic.com\/dist\/assets\/uploads\/2024\/05\/hero-accueil.jpeg);background-repeat: no-repeat;\"><\/div><div class=\"l-section-h i-cf\"><div class=\"g-cols vc_row via_grid cols_1 laptops-cols_inherit tablets-cols_inherit mobiles-cols_1 valign_top type_default stacking_default\"><div class=\"wpb_column vc_column_container\"><div class=\"vc_column-inner\"><div class=\"wpb_text_column hero-title\"><div class=\"wpb_wrapper\"><h1>Maple Industry Council<\/h1>\n<\/div><\/div><div class=\"w-separator size_medium\"><\/div><div class=\"wpb_text_column subtitle-hero\"><div class=\"wpb_wrapper\"><p>Founded in 2002, the Maple Industry Council (MIC), affiliated with the Conseil de la transformation alimentaire du Qu\u00e9bec (CTAQ), annually brings together some fifty authorized buyers, i.e. any processing or sales company that receives and purchases bulk maple syrup or water from a Quebec producer.<\/p>\n<\/div><\/div><\/div><\/div><\/div><\/div><\/section><section class=\"l-section wpb_row us_custom_c70c97eb row-bold-text double-padding-section height_medium\"><div class=\"l-section-h i-cf\"><div class=\"g-cols vc_row via_grid cols_1 laptops-cols_inherit tablets-cols_inherit mobiles-cols_1 valign_top type_default stacking_default\"><div class=\"wpb_column vc_column_container\"><div class=\"vc_column-inner\"><div class=\"wpb_text_column\"><div class=\"wpb_wrapper\"><p>Active for over 20 years, the Maple Industry Council has been the accredited representative, since 2010 by the R\u00e9gie des march\u00e9s agricoles et alimentaires du Qu\u00e9bec, of all authorized buyers of bulk maple syrup for the purposes of negotiating a marketing agreement with the Producteurs et productrices ac\u00e9ricoles du Qu\u00e9bec. Since 2013, the MIC has also included authorized buyers of maple water.<\/p>\n<p>The main objective of the MIC is to represent and defend the interests of its members, and to promote them. Member companies process maple syrup in various forms: syrup, sugar, flakes, butter and others. These products are sold in over 70 countries.<\/p>\n<\/div><\/div><div class=\"w-separator size_medium\"><\/div><div class=\"w-btn-wrapper align_none\"><a class=\"w-btn us-btn-style_1 icon_atright\" href=\"https:\/\/cie-mic.com\/en\/about\/\"><span class=\"w-btn-label\">About<\/span><i class=\"fas fa-chevron-right\"><\/i><\/a><\/div><\/div><\/div><\/div><\/div><\/section><section class=\"l-section wpb_row nouvelles-row height_medium\"><div class=\"l-section-h i-cf\"><div class=\"g-cols vc_row via_grid cols_1 laptops-cols_inherit tablets-cols_inherit mobiles-cols_1 valign_top type_default stacking_default\"><div class=\"wpb_column vc_column_container\"><div class=\"vc_column-inner\"><div class=\"wpb_text_column\"><div class=\"wpb_wrapper\"><h2>Latest News<\/h2>\n<\/div><\/div><div class=\"w-separator size_huge\"><\/div><div class=\"w-grid us_grid article-grid type_grid layout_548 cols_3 preload_style_spinner with_css_animation\" id=\"us_grid_1\" style=\"--columns:3;--gap:0rem;\" data-filterable=\"true\"><style>@media (max-width:1380px){#us_grid_1{--columns:1!important}}@media (max-width:1024px){#us_grid_1{--columns:1!important}}@media (max-width:600px){#us_grid_1{--columns:1!important}}.layout_548 .w-grid-item-h{}.layout_548 .usg_post_image_1{max-width:1920px!important;margin-bottom:1.5rem!important;border-radius:10px!important}.layout_548 .usg_post_title_1{margin-bottom:0.5rem!important}<\/style><div class=\"w-grid-list\">\t<article class=\"w-grid-item us_animate_afb size_1x1 post-1020 post type-post status-publish format-standard has-post-thumbnail hentry category-non-classifiee\" data-id=\"1020\" style=\"animation-delay:0s\">\r\n\t\t<div class=\"w-grid-item-h\">\r\n\t\t\t\t\t\t<div class=\"w-post-elm post_image usg_post_image_1 has_ratio\"><a href=\"https:\/\/cie-mic.com\/en\/the-maple-industry-adopts-a-standards-guide-to-meet-export-market-requirements\/\" aria-label=\"The maple industry adopts a standards guide to meet export market requirements\"><img decoding=\"async\" width=\"1024\" height=\"435\" src=\"https:\/\/cie-mic.com\/dist\/assets\/uploads\/2024\/05\/sirop-entete-1676492327-1024x435.jpg\" class=\"attachment-large size-large wp-post-image\" alt=\"Les produits de l&#039;\u00e9rable\" \/><\/a><div style=\"padding-bottom:66.6667%\"><\/div><\/div><h3 class=\"w-post-elm post_title usg_post_title_1 entry-title color_link_inherit\"><a href=\"https:\/\/cie-mic.com\/en\/the-maple-industry-adopts-a-standards-guide-to-meet-export-market-requirements\/\">The maple industry adopts a standards guide to meet export market requirements<\/a><\/h3><time class=\"w-post-elm post_date usg_post_date_1 entry-date published\" datetime=\"2025-03-05T13:33:06-05:00\">Wednesday, March 5<\/time>\t\t<\/div>\r\n\t\t\t<\/article>\r\n\t<article class=\"w-grid-item us_animate_afb size_1x1 post-1018 post type-post status-publish format-standard has-post-thumbnail hentry category-non-classifiee\" data-id=\"1018\" style=\"animation-delay:0.1s\">\r\n\t\t<div class=\"w-grid-item-h\">\r\n\t\t\t\t\t\t<div class=\"w-post-elm post_image usg_post_image_1 has_ratio\"><a href=\"https:\/\/cie-mic.com\/en\/trade-tariffs-come-into-effect-quebecs-maple-industry-hit-hard\/\" aria-label=\"Trade tariffs come into effect \u2013 Qu\u00e9bec\u2019s maple industry hit hard\"><img decoding=\"async\" width=\"1024\" height=\"575\" src=\"https:\/\/cie-mic.com\/dist\/assets\/uploads\/2025\/03\/IMG_4946-copy-1024x575.jpg\" class=\"attachment-large size-large wp-post-image\" alt=\"\" \/><\/a><div style=\"padding-bottom:66.6667%\"><\/div><\/div><h3 class=\"w-post-elm post_title usg_post_title_1 entry-title color_link_inherit\"><a href=\"https:\/\/cie-mic.com\/en\/trade-tariffs-come-into-effect-quebecs-maple-industry-hit-hard\/\">Trade tariffs come into effect \u2013 Qu\u00e9bec\u2019s maple industry hit hard<\/a><\/h3><time class=\"w-post-elm post_date usg_post_date_1 entry-date published\" datetime=\"2025-03-05T11:15:18-05:00\">Wednesday, March 5<\/time>\t\t<\/div>\r\n\t\t\t<\/article>\r\n\t<article class=\"w-grid-item us_animate_afb size_1x1 post-941 post type-post status-publish format-standard has-post-thumbnail hentry category-non-classifiee\" data-id=\"941\" style=\"animation-delay:0.2s\">\r\n\t\t<div class=\"w-grid-item-h\">\r\n\t\t\t\t\t\t<div class=\"w-post-elm post_image usg_post_image_1 has_ratio\"><a href=\"https:\/\/cie-mic.com\/en\/national-maple-day-celebrating-our-home-grown-maple-syrup-bottling-and-processing-companies-2\/\" aria-label=\"National Maple Day \u2013 Celebrating Our Home-Grown Maple Syrup Bottling and Processing Companies\"><img decoding=\"async\" width=\"1024\" height=\"535\" src=\"https:\/\/cie-mic.com\/dist\/assets\/uploads\/2024\/10\/Logo-Journee-National-Erable-1024x535.jpg\" class=\"attachment-large size-large wp-post-image\" alt=\"\" \/><\/a><div style=\"padding-bottom:66.6667%\"><\/div><\/div><h3 class=\"w-post-elm post_title usg_post_title_1 entry-title color_link_inherit\"><a href=\"https:\/\/cie-mic.com\/en\/national-maple-day-celebrating-our-home-grown-maple-syrup-bottling-and-processing-companies-2\/\">National Maple Day \u2013 Celebrating Our Home-Grown Maple Syrup Bottling and Processing Companies<\/a><\/h3><time class=\"w-post-elm post_date usg_post_date_1 entry-date published\" datetime=\"2024-10-18T10:26:31-04:00\">Friday, October 18<\/time>\t\t<\/div>\r\n\t\t\t<\/article>\r\n<\/div>\t<div class=\"w-grid-preloader\">\r\n\t\t<div class=\"g-preloader type_1\">\r\n\t\t\t<div><\/div>\r\n\t\t<\/div>\r\n\t<\/div>\r\n\t\t<div class=\"w-grid-json hidden\" onclick='return {&quot;action&quot;:&quot;us_ajax_grid&quot;,&quot;infinite_scroll&quot;:0,&quot;max_num_pages&quot;:1,&quot;pagination&quot;:&quot;none&quot;,&quot;template_vars&quot;:{&quot;columns&quot;:&quot;3&quot;,&quot;exclude_items&quot;:&quot;none&quot;,&quot;img_size&quot;:&quot;default&quot;,&quot;ignore_items_size&quot;:0,&quot;items_layout&quot;:&quot;548&quot;,&quot;items_offset&quot;:&quot;1&quot;,&quot;load_animation&quot;:&quot;afb&quot;,&quot;overriding_link&quot;:&quot;%7B%22url%22%3A%22%22%7D&quot;,&quot;post_id&quot;:0,&quot;query_args&quot;:{&quot;post_type&quot;:[&quot;post&quot;],&quot;post_status&quot;:[&quot;publish&quot;,&quot;acf-disabled&quot;],&quot;posts_per_page&quot;:&quot;3&quot;},&quot;orderby_query_args&quot;:{&quot;orderby&quot;:{&quot;date&quot;:&quot;DESC&quot;}},&quot;type&quot;:&quot;grid&quot;,&quot;us_grid_post_type&quot;:&quot;post&quot;,&quot;us_grid_ajax_index&quot;:1,&quot;us_grid_filter_query_string&quot;:null,&quot;us_grid_index&quot;:1,&quot;page_args&quot;:[],&quot;lang&quot;:&quot;en&quot;}}'><\/div>\r\n\t<\/div><div class=\"w-separator size_huge\"><\/div><div class=\"w-btn-wrapper align_none\"><a class=\"w-btn us-btn-style_1 icon_atright\" href=\"https:\/\/cie-mic.com\/en\/news\/\"><span class=\"w-btn-label\">View all news<\/span><i class=\"fas fa-chevron-right\"><\/i><\/a><\/div><\/div><\/div><\/div><\/div><\/section><section class=\"l-section wpb_row title-description-row hide_on_default hide_on_laptops hide_on_tablets hide_on_mobiles height_medium\"><div class=\"l-section-h i-cf\"><div class=\"g-cols vc_row via_grid cols_1 laptops-cols_inherit tablets-cols_inherit mobiles-cols_1 valign_top type_default stacking_default\"><div class=\"wpb_column vc_column_container\"><div class=\"vc_column-inner\"><div class=\"wpb_text_column\"><div class=\"wpb_wrapper\"><h2>Maple Processing<\/h2>\n<\/div><\/div><div class=\"w-separator size_medium\"><\/div><div class=\"wpb_text_column description\"><div class=\"wpb_wrapper\"><p>There are many stages in the processing of maple syrup at the plant: receipt of barrels from producers, grading and quality assessment of syrups, processing and containerization of products, packaging and shipping to customers.<\/p>\n<\/div><\/div><div class=\"w-separator size_huge\"><\/div><div class=\"g-cols wpb_row inner-row-3-col via_grid cols_3 laptops-cols_inherit tablets-cols_inherit mobiles-cols_1 valign_top type_default stacking_default\" style=\"--columns-gap:3rem;\"><div class=\"wpb_column vc_column_container\"><div class=\"vc_column-inner\"><div class=\"wpb_text_column\"><div class=\"wpb_wrapper\"><h3>Industry Profile<\/h3>\n<\/div><\/div><div class=\"w-separator size_medium\"><\/div><div class=\"wpb_text_column\"><div class=\"wpb_wrapper\"><p>Since the adoption of the Quebec Maple Syrup Producers&#8217; Joint Plan in 1998, the Quebec industry has been operating under a regulated system of collective maple syrup marketing.<\/p>\n<\/div><\/div><div class=\"w-separator size_medium\"><\/div><div class=\"w-btn-wrapper align_none\"><a class=\"w-btn us-btn-style_2 icon_atright\" href=\"https:\/\/cie-mic.com\/en\/the-transformation-of-maple\/industry-overview\/\"><span class=\"w-btn-label\">View more<\/span><i class=\"fas fa-chevron-right\"><\/i><\/a><\/div><\/div><\/div><div class=\"wpb_column vc_column_container\"><div class=\"vc_column-inner\"><div class=\"wpb_text_column\"><div class=\"wpb_wrapper\"><h3>Our Expertise<\/h3>\n<\/div><\/div><div class=\"w-separator size_medium\"><\/div><div class=\"wpb_text_column\"><div class=\"wpb_wrapper\"><p>Nearly 100 years of expertise in Quebec maple syrup processing. Since its beginnings n 1925, the processing industry has gone from strength to strength, and today the Maple Industry Council (MIC) brings together 23 member companies dedicated to maple processing.<\/p>\n<\/div><\/div><div class=\"w-separator size_medium\"><\/div><div class=\"w-btn-wrapper align_none\"><a class=\"w-btn us-btn-style_2 icon_atright\" href=\"https:\/\/cie-mic.com\/en\/the-transformation-of-maple\/our-expertise\/\"><span class=\"w-btn-label\">View more<\/span><i class=\"fas fa-chevron-right\"><\/i><\/a><\/div><\/div><\/div><div class=\"wpb_column vc_column_container\"><div class=\"vc_column-inner\"><div class=\"wpb_text_column\"><div class=\"wpb_wrapper\"><h3>International Network<\/h3>\n<\/div><\/div><div class=\"w-separator size_medium\"><\/div><div class=\"wpb_text_column\"><div class=\"wpb_wrapper\"><p>True ambassadors for the industry, members of the Maple Industry Council (MIC) sell and promote Quebec maple products in over 70 countries.<\/p>\n<\/div><\/div><div class=\"w-separator size_medium\"><\/div><div class=\"w-btn-wrapper align_none\"><a class=\"w-btn us-btn-style_2 icon_atright\" href=\"https:\/\/cie-mic.com\/en\/the-transformation-of-maple\/international-network\/\"><span class=\"w-btn-label\">View more<\/span><i class=\"fas fa-chevron-right\"><\/i><\/a><\/div><\/div><\/div><\/div><\/div><\/div><\/div><\/div><\/section><section class=\"l-section wpb_row hide_on_default hide_on_laptops hide_on_tablets hide_on_mobiles height_medium\"><div class=\"l-section-h i-cf\"><div class=\"g-cols vc_row via_grid cols_1 laptops-cols_inherit tablets-cols_inherit mobiles-cols_1 valign_top type_default stacking_default\"><div class=\"wpb_column vc_column_container\"><div class=\"vc_column-inner\"><style data-type=\"us_custom-css\">@media (max-width:405px){.cta-sentence{font-size:var(--step-4)!important}}<\/style><section class=\"l-section wpb_row cta-repertoire height_medium color_alternate\"><div class=\"l-section-h i-cf\"><div class=\"g-cols vc_row via_grid cols_1 laptops-cols_inherit tablets-cols_inherit mobiles-cols_1 valign_top type_default stacking_default\"><div class=\"wpb_column vc_column_container\"><div class=\"vc_column-inner\"><div class=\"wpb_text_column us_custom_492179a4\"><div class=\"wpb_wrapper\"><p style=\"text-align: center;\">Our members<\/p>\n<\/div><\/div><div class=\"w-separator size_medium\"><\/div><div class=\"wpb_text_column style-h2\"><div class=\"wpb_wrapper\"><p class=\"cta-sentence\" style=\"text-align: center;\">Looking for a maple syrup processor? Consult our directory.<\/p>\n<\/div><\/div><div class=\"w-separator size_medium\"><\/div><div class=\"w-btn-wrapper align_center\"><a class=\"w-btn us-btn-style_4 icon_atright\" href=\"https:\/\/cie-mic.com\/en\/our-maple-processors\/\"><span class=\"w-btn-label\">Find a processor<\/span><i class=\"fas fa-chevron-right\"><\/i><\/a><\/div><\/div><\/div><\/div><\/div><\/section>\n<\/div><\/div><\/div><\/div><\/section>\n","protected":false},"excerpt":{"rendered":"Granby, October 18, 2024 \u2013 The President of the Maple Industry Council (MIC), Louis Turenne, takes advantage of National Maple Day to highlight the industry\u2019s contribution to marketing maple syrup and its derivatives, both here and around the world. \u201cBased on home-grown knowhow and expertise, we proudly represent 50 Qu\u00e9bec companies of all sizes that...","protected":false},"author":1,"featured_media":0,"parent":0,"menu_order":0,"comment_status":"closed","ping_status":"closed","template":"","meta":{"_acf_changed":false,"footnotes":""},"class_list":["post-620","page","type-page","status-publish","hentry"],"acf":[],"yoast_head":"<!-- This site is optimized with the Yoast SEO plugin v27.4 - https:\/\/yoast.com\/product\/yoast-seo-wordpress\/ -->\n<title>Maple Industry Council | Conseil de l&#039;industrie de l&#039;\u00e9rable<\/title>\n<meta name=\"description\" content=\"The Maple Industry Council (MIC), affiliated with the CTAQ, annually brings together about fifty authorized buyers.\" \/>\n<meta name=\"robots\" content=\"index, follow, max-snippet:-1, max-image-preview:large, max-video-preview:-1\" \/>\n<link rel=\"canonical\" href=\"https:\/\/cie-mic.com\/en\/\" \/>\n<meta property=\"og:locale\" content=\"en_US\" \/>\n<meta property=\"og:type\" content=\"article\" \/>\n<meta property=\"og:title\" content=\"Maple Industry Council | Conseil de l&#039;industrie de l&#039;\u00e9rable\" \/>\n<meta property=\"og:description\" content=\"The Maple Industry Council (MIC), affiliated with the CTAQ, annually brings together about fifty authorized buyers.\" \/>\n<meta property=\"og:url\" content=\"https:\/\/cie-mic.com\/en\/\" \/>\n<meta property=\"og:site_name\" content=\"Conseil de l&#039;industrie de l&#039;\u00e9rable\" \/>\n<meta property=\"article:modified_time\" content=\"2024-10-18T17:10:31+00:00\" \/>\n<meta property=\"og:image\" content=\"https:\/\/cie-mic.com\/dist\/assets\/uploads\/2024\/10\/img-default.jpg\" \/>\n\t<meta property=\"og:image:width\" content=\"1200\" \/>\n\t<meta property=\"og:image:height\" content=\"675\" \/>\n\t<meta property=\"og:image:type\" content=\"image\/jpeg\" \/>\n<meta name=\"twitter:card\" content=\"summary_large_image\" \/>\n<meta name=\"twitter:label1\" content=\"Est. reading time\" \/>\n\t<meta name=\"twitter:data1\" content=\"2 minutes\" \/>\n<script type=\"application\/ld+json\" class=\"yoast-schema-graph\">{\"@context\":\"https:\\\/\\\/schema.org\",\"@graph\":[{\"@type\":\"WebPage\",\"@id\":\"https:\\\/\\\/cie-mic.com\\\/en\\\/\",\"url\":\"https:\\\/\\\/cie-mic.com\\\/en\\\/\",\"name\":\"Maple Industry Council | Conseil de l&#039;industrie de l&#039;\u00e9rable\",\"isPartOf\":{\"@id\":\"https:\\\/\\\/cie-mic.com\\\/en\\\/#website\"},\"datePublished\":\"2024-05-24T19:00:11+00:00\",\"dateModified\":\"2024-10-18T17:10:31+00:00\",\"description\":\"The Maple Industry Council (MIC), affiliated with the CTAQ, annually brings together about fifty authorized buyers.\",\"breadcrumb\":{\"@id\":\"https:\\\/\\\/cie-mic.com\\\/en\\\/#breadcrumb\"},\"inLanguage\":\"en-US\",\"potentialAction\":[{\"@type\":\"ReadAction\",\"target\":[\"https:\\\/\\\/cie-mic.com\\\/en\\\/\"]}]},{\"@type\":\"BreadcrumbList\",\"@id\":\"https:\\\/\\\/cie-mic.com\\\/en\\\/#breadcrumb\",\"itemListElement\":[{\"@type\":\"ListItem\",\"position\":1,\"name\":\"Accueil\",\"item\":\"https:\\\/\\\/cie-mic.com\\\/en\\\/\"},{\"@type\":\"ListItem\",\"position\":2,\"name\":\"Maple Industry Council\"}]},{\"@type\":\"WebSite\",\"@id\":\"https:\\\/\\\/cie-mic.com\\\/en\\\/#website\",\"url\":\"https:\\\/\\\/cie-mic.com\\\/en\\\/\",\"name\":\"Conseil de l'industrie de l'\u00e9rable\",\"description\":\"Regroupement d\u2019acheteurs autoris\u00e9s\",\"publisher\":{\"@id\":\"https:\\\/\\\/cie-mic.com\\\/en\\\/#organization\"},\"alternateName\":\"CIE\",\"potentialAction\":[{\"@type\":\"SearchAction\",\"target\":{\"@type\":\"EntryPoint\",\"urlTemplate\":\"https:\\\/\\\/cie-mic.com\\\/en\\\/?s={search_term_string}\"},\"query-input\":{\"@type\":\"PropertyValueSpecification\",\"valueRequired\":true,\"valueName\":\"search_term_string\"}}],\"inLanguage\":\"en-US\"},{\"@type\":\"Organization\",\"@id\":\"https:\\\/\\\/cie-mic.com\\\/en\\\/#organization\",\"name\":\"Conseil de l'industrie de l'\u00e9rable\",\"url\":\"https:\\\/\\\/cie-mic.com\\\/en\\\/\",\"logo\":{\"@type\":\"ImageObject\",\"inLanguage\":\"en-US\",\"@id\":\"https:\\\/\\\/cie-mic.com\\\/en\\\/#\\\/schema\\\/logo\\\/image\\\/\",\"url\":\"https:\\\/\\\/cie-mic.com\\\/wp-content\\\/uploads\\\/2024\\\/10\\\/favicon.jpg\",\"contentUrl\":\"https:\\\/\\\/cie-mic.com\\\/wp-content\\\/uploads\\\/2024\\\/10\\\/favicon.jpg\",\"width\":512,\"height\":512,\"caption\":\"Conseil de l'industrie de l'\u00e9rable\"},\"image\":{\"@id\":\"https:\\\/\\\/cie-mic.com\\\/en\\\/#\\\/schema\\\/logo\\\/image\\\/\"}}]}<\/script>\n<!-- \/ Yoast SEO plugin. -->","yoast_head_json":{"title":"Maple Industry Council | Conseil de l&#039;industrie de l&#039;\u00e9rable","description":"The Maple Industry Council (MIC), affiliated with the CTAQ, annually brings together about fifty authorized buyers.","robots":{"index":"index","follow":"follow","max-snippet":"max-snippet:-1","max-image-preview":"max-image-preview:large","max-video-preview":"max-video-preview:-1"},"canonical":"https:\/\/cie-mic.com\/en\/","og_locale":"en_US","og_type":"article","og_title":"Maple Industry Council | Conseil de l&#039;industrie de l&#039;\u00e9rable","og_description":"The Maple Industry Council (MIC), affiliated with the CTAQ, annually brings together about fifty authorized buyers.","og_url":"https:\/\/cie-mic.com\/en\/","og_site_name":"Conseil de l&#039;industrie de l&#039;\u00e9rable","article_modified_time":"2024-10-18T17:10:31+00:00","og_image":[{"width":1200,"height":675,"url":"https:\/\/cie-mic.com\/dist\/assets\/uploads\/2024\/10\/img-default.jpg","type":"image\/jpeg"}],"twitter_card":"summary_large_image","twitter_misc":{"Est. reading time":"2 minutes"},"schema":{"@context":"https:\/\/schema.org","@graph":[{"@type":"WebPage","@id":"https:\/\/cie-mic.com\/en\/","url":"https:\/\/cie-mic.com\/en\/","name":"Maple Industry Council | Conseil de l&#039;industrie de l&#039;\u00e9rable","isPartOf":{"@id":"https:\/\/cie-mic.com\/en\/#website"},"datePublished":"2024-05-24T19:00:11+00:00","dateModified":"2024-10-18T17:10:31+00:00","description":"The Maple Industry Council (MIC), affiliated with the CTAQ, annually brings together about fifty authorized buyers.","breadcrumb":{"@id":"https:\/\/cie-mic.com\/en\/#breadcrumb"},"inLanguage":"en-US","potentialAction":[{"@type":"ReadAction","target":["https:\/\/cie-mic.com\/en\/"]}]},{"@type":"BreadcrumbList","@id":"https:\/\/cie-mic.com\/en\/#breadcrumb","itemListElement":[{"@type":"ListItem","position":1,"name":"Accueil","item":"https:\/\/cie-mic.com\/en\/"},{"@type":"ListItem","position":2,"name":"Maple Industry Council"}]},{"@type":"WebSite","@id":"https:\/\/cie-mic.com\/en\/#website","url":"https:\/\/cie-mic.com\/en\/","name":"Conseil de l'industrie de l'\u00e9rable","description":"Regroupement d\u2019acheteurs autoris\u00e9s","publisher":{"@id":"https:\/\/cie-mic.com\/en\/#organization"},"alternateName":"CIE","potentialAction":[{"@type":"SearchAction","target":{"@type":"EntryPoint","urlTemplate":"https:\/\/cie-mic.com\/en\/?s={search_term_string}"},"query-input":{"@type":"PropertyValueSpecification","valueRequired":true,"valueName":"search_term_string"}}],"inLanguage":"en-US"},{"@type":"Organization","@id":"https:\/\/cie-mic.com\/en\/#organization","name":"Conseil de l'industrie de l'\u00e9rable","url":"https:\/\/cie-mic.com\/en\/","logo":{"@type":"ImageObject","inLanguage":"en-US","@id":"https:\/\/cie-mic.com\/en\/#\/schema\/logo\/image\/","url":"https:\/\/cie-mic.com\/dist\/assets\/uploads\/2024\/10\/favicon.jpg","contentUrl":"https:\/\/cie-mic.com\/dist\/assets\/uploads\/2024\/10\/favicon.jpg","width":512,"height":512,"caption":"Conseil de l'industrie de l'\u00e9rable"},"image":{"@id":"https:\/\/cie-mic.com\/en\/#\/schema\/logo\/image\/"}}]}},"_links":{"self":[{"href":"https:\/\/cie-mic.com\/en\/wp-json\/wp\/v2\/pages\/620","targetHints":{"allow":["GET"]}}],"collection":[{"href":"https:\/\/cie-mic.com\/en\/wp-json\/wp\/v2\/pages"}],"about":[{"href":"https:\/\/cie-mic.com\/en\/wp-json\/wp\/v2\/types\/page"}],"author":[{"embeddable":true,"href":"https:\/\/cie-mic.com\/en\/wp-json\/wp\/v2\/users\/1"}],"replies":[{"embeddable":true,"href":"https:\/\/cie-mic.com\/en\/wp-json\/wp\/v2\/comments?post=620"}],"version-history":[{"count":1,"href":"https:\/\/cie-mic.com\/en\/wp-json\/wp\/v2\/pages\/620\/revisions"}],"predecessor-version":[{"id":948,"href":"https:\/\/cie-mic.com\/en\/wp-json\/wp\/v2\/pages\/620\/revisions\/948"}],"wp:attachment":[{"href":"https:\/\/cie-mic.com\/en\/wp-json\/wp\/v2\/media?parent=620"}],"curies":[{"name":"wp","href":"https:\/\/api.w.org\/{rel}","templated":true}]}}