{"id":629,"date":"2024-05-24T13:43:24","date_gmt":"2024-05-24T17:43:24","guid":{"rendered":"https:\/\/cie-mic.com\/nous-joindre\/"},"modified":"2024-10-16T14:31:50","modified_gmt":"2024-10-16T18:31:50","slug":"contact-us","status":"publish","type":"page","link":"https:\/\/cie-mic.com\/en\/contact-us\/","title":{"rendered":"Contact Us"},"content":{"rendered":"<section class=\"l-section wpb_row hero-section with-photo height_medium color_alternate with_img\"><div class=\"l-section-img\" role=\"img\" aria-label=\"Nous joindre\" data-img-width=\"1440\" data-img-height=\"956\" style=\"background-image: url(https:\/\/cie-mic.com\/dist\/assets\/uploads\/2024\/05\/repertoire_transformateurs.jpg);background-repeat: no-repeat;\"><\/div><div class=\"l-section-h i-cf\"><div class=\"g-cols vc_row via_grid cols_1 laptops-cols_inherit tablets-cols_inherit mobiles-cols_1 valign_top type_default stacking_default\"><div class=\"wpb_column vc_column_container\"><div class=\"vc_column-inner\"><nav class=\"g-breadcrumbs separator_icon align_none\" itemscope itemtype=\"http:\/\/schema.org\/BreadcrumbList\"><div class=\"g-breadcrumbs-item\" itemscope itemprop=\"itemListElement\" itemtype=\"http:\/\/schema.org\/ListItem\"><a itemprop=\"item\" href=\"https:\/\/cie-mic.com\/en\/\"><span itemprop=\"name\">Home<\/span><\/a><meta itemprop=\"position\" content=\"1\"\/><\/div><div class=\"g-breadcrumbs-separator\"><i class=\"far fa-angle-right\"><\/i><\/div><div class=\"g-breadcrumbs-item\">Pages<\/div><\/nav><div class=\"w-separator size_large\"><\/div><div class=\"wpb_text_column hero-title\"><div class=\"wpb_wrapper\"><h1>Maple Industry Council<\/h1>\n<\/div><\/div><div class=\"w-separator size_medium\"><\/div><div class=\"wpb_text_column subtitle-hero\"><div class=\"wpb_wrapper\"><p>The MIC represents over fifty members with facilities throughout Quebec. Our offices are located in Granby, Mont\u00e9r\u00e9gie. Our business hours are 9 a.m. to 5 p.m., Monday to Friday.<\/p>\n<\/div><\/div><\/div><\/div><\/div><\/div><\/section><section class=\"l-section wpb_row contact-row height_medium\"><div class=\"l-section-h i-cf\"><div class=\"g-cols vc_row via_grid cols_1-3 laptops-cols_inherit tablets-cols_inherit mobiles-cols_1 valign_top type_default stacking_default\"><div class=\"wpb_column vc_column_container\"><div class=\"vc_column-inner\"><div class=\"wpb_text_column\"><div class=\"wpb_wrapper\"><h2 class=\"title-h2 section-title\">Head Office<\/h2>\n<\/div><\/div><div class=\"w-separator size_medium\"><\/div><div class=\"wpb_text_column\"><div class=\"wpb_wrapper\"><p><strong>Marie-Pier P-S\u00e9guin<\/strong><br \/>\nGeneral Manager<\/p>\n<\/div><\/div><div class=\"w-separator size_medium\"><\/div><div class=\"wpb_text_column\"><div class=\"wpb_wrapper\"><p><a href=\"mailto:info@cie-mic.com\">info@cie-mic.com<\/a><\/p>\n<\/div><\/div><div class=\"w-separator size_medium\"><\/div><div class=\"wpb_text_column\"><div class=\"wpb_wrapper\"><p><strong>Location<\/strong><br \/>\n216, rue Denison Est<br \/>\nGranby (QC)<br \/>\nJ2H 2R6 CANADA<\/p>\n<\/div><\/div><\/div><\/div><div class=\"wpb_column vc_column_container\"><div class=\"vc_column-inner\"><div class=\"w-html\"><style id=\"wpforms-css-vars-899\">\n\t\t\t\t#wpforms-899 {\n\t\t\t\t\n\t\t\t}\n\t\t\t<\/style><div class=\"wpforms-container wpforms-container-full wpforms-render-modern\" id=\"wpforms-899\"><form id=\"wpforms-form-899\" class=\"wpforms-validate wpforms-form wpforms-ajax-form\" data-formid=\"899\" method=\"post\" enctype=\"multipart\/form-data\" action=\"\/en\/wp-json\/wp\/v2\/pages\/629\" data-token=\"2d1d8bb9388a1af3e9f798989b37d852\" data-token-time=\"1776313855\"><noscript class=\"wpforms-error-noscript\">Please enable JavaScript in your browser to complete this form.<\/noscript><div id=\"wpforms-error-noscript\" style=\"display: none;\">Please enable JavaScript in your browser to complete this form.<\/div><div class=\"wpforms-field-container\"><div id=\"wpforms-899-field_7-container\" class=\"wpforms-field wpforms-field-layout\" data-field-id=\"7\"><div class=\"wpforms-field-layout-rows wpforms-field-large\"><div class=\"wpforms-layout-row\"><div class=\"wpforms-layout-column wpforms-layout-column-50\"><div id=\"wpforms-899-field_5-container\" class=\"wpforms-field wpforms-field-text\" data-field-id=\"5\"><label class=\"wpforms-field-label\" for=\"wpforms-899-field_5\">First Name <span class=\"wpforms-required-label\" aria-hidden=\"true\">*<\/span><\/label><input type=\"text\" id=\"wpforms-899-field_5\" class=\"wpforms-field-large wpforms-field-required\" name=\"wpforms[fields][5]\" aria-errormessage=\"wpforms-899-field_5-error\" required><\/div><\/div><div class=\"wpforms-layout-column wpforms-layout-column-50\"><div id=\"wpforms-899-field_6-container\" class=\"wpforms-field wpforms-field-text\" data-field-id=\"6\"><label class=\"wpforms-field-label\" for=\"wpforms-899-field_6\">Last Name <span class=\"wpforms-required-label\" aria-hidden=\"true\">*<\/span><\/label><input type=\"text\" id=\"wpforms-899-field_6\" class=\"wpforms-field-large wpforms-field-required\" name=\"wpforms[fields][6]\" aria-errormessage=\"wpforms-899-field_6-error\" required><\/div><\/div><\/div><\/div><\/div>\t\t<div id=\"wpforms-899-field_1-container\"\n\t\t\tclass=\"wpforms-field wpforms-field-text\"\n\t\t\tdata-field-type=\"text\"\n\t\t\tdata-field-id=\"1\"\n\t\t\t>\n\t\t\t<label class=\"wpforms-field-label\" for=\"wpforms-899-field_1\" >Email page page<\/label>\n\t\t\t<input type=\"text\" id=\"wpforms-899-field_1\" class=\"wpforms-field-medium\" name=\"wpforms[fields][1]\" >\n\t\t<\/div>\n\t\t<div id=\"wpforms-899-field_8-container\" class=\"wpforms-field wpforms-field-layout\" data-field-id=\"8\"><div class=\"wpforms-field-layout-rows wpforms-field-large\"><div class=\"wpforms-layout-row\"><div class=\"wpforms-layout-column wpforms-layout-column-50\"><div id=\"wpforms-899-field_2-container\" class=\"wpforms-field wpforms-field-email\" data-field-id=\"2\"><label class=\"wpforms-field-label\" for=\"wpforms-899-field_2\">Email <span class=\"wpforms-required-label\" aria-hidden=\"true\">*<\/span><\/label><input type=\"email\" id=\"wpforms-899-field_2\" class=\"wpforms-field-large wpforms-field-required\" name=\"wpforms[fields][2]\" spellcheck=\"false\" aria-errormessage=\"wpforms-899-field_2-error\" required><\/div><\/div><div class=\"wpforms-layout-column wpforms-layout-column-50\"><div id=\"wpforms-899-field_4-container\" class=\"wpforms-field wpforms-field-phone\" data-field-id=\"4\"><label class=\"wpforms-field-label\" for=\"wpforms-899-field_4\">Phone Number<\/label><input type=\"tel\" id=\"wpforms-899-field_4\" class=\"wpforms-field-large wpforms-smart-phone-field\" data-rule-smart-phone-field=\"true\" name=\"wpforms[fields][4]\" aria-label=\"Phone Number\" aria-errormessage=\"wpforms-899-field_4-error\" ><\/div><\/div><\/div><\/div><\/div><div id=\"wpforms-899-field_9-container\" class=\"wpforms-field wpforms-field-text\" data-field-id=\"9\"><label class=\"wpforms-field-label\" for=\"wpforms-899-field_9\">Company<\/label><input type=\"text\" id=\"wpforms-899-field_9\" class=\"wpforms-field-large\" name=\"wpforms[fields][9]\" aria-errormessage=\"wpforms-899-field_9-error\" ><\/div><div id=\"wpforms-899-field_3-container\" class=\"wpforms-field wpforms-field-textarea\" data-field-id=\"3\"><label class=\"wpforms-field-label\" for=\"wpforms-899-field_3\">Message <span class=\"wpforms-required-label\" aria-hidden=\"true\">*<\/span><\/label><textarea id=\"wpforms-899-field_3\" class=\"wpforms-field-medium wpforms-field-required\" name=\"wpforms[fields][3]\" aria-errormessage=\"wpforms-899-field_3-error\" required><\/textarea><\/div><script>\n\t\t\t\t( function() {\n\t\t\t\t\tconst style = document.createElement( 'style' );\n\t\t\t\t\tstyle.appendChild( document.createTextNode( '#wpforms-899-field_1-container { position: absolute !important; overflow: hidden !important; display: inline !important; height: 1px !important; width: 1px !important; z-index: -1000 !important; padding: 0 !important; } #wpforms-899-field_1-container input { visibility: hidden; } #wpforms-conversational-form-page #wpforms-899-field_1-container label { counter-increment: none; }' ) );\n\t\t\t\t\tdocument.head.appendChild( style );\n\t\t\t\t\tdocument.currentScript?.remove();\n\t\t\t\t} )();\n\t\t\t<\/script><\/div><!-- .wpforms-field-container --><div class=\"wpforms-recaptcha-container wpforms-is-hcaptcha\" ><div class=\"h-captcha\" data-sitekey=\"56663452-5358-4ff4-b80e-4bfe378c6ee6\"><\/div><input type=\"text\" name=\"g-recaptcha-hidden\" class=\"wpforms-recaptcha-hidden\" style=\"position:absolute!important;clip:rect(0,0,0,0)!important;height:1px!important;width:1px!important;border:0!important;overflow:hidden!important;padding:0!important;margin:0!important;\" data-rule-hcaptcha=\"1\"><\/div><div class=\"wpforms-submit-container\" ><input type=\"hidden\" name=\"wpforms[id]\" value=\"899\"><input type=\"hidden\" name=\"page_title\" value=\"\"><input type=\"hidden\" name=\"page_url\" value=\"https:\/\/cie-mic.com\/en\/wp-json\/wp\/v2\/pages\/629\"><input type=\"hidden\" name=\"url_referer\" value=\"\"><button type=\"submit\" name=\"wpforms[submit]\" id=\"wpforms-submit-899\" class=\"wpforms-submit us-btn-style_1\" data-alt-text=\"Submitting...\" data-submit-text=\"Submit\" aria-live=\"assertive\" value=\"wpforms-submit\">Submit<\/button><img decoding=\"async\" src=\"https:\/\/cie-mic.com\/app\/extensions\/wpforms\/assets\/images\/submit-spin.svg\" class=\"wpforms-submit-spinner\" style=\"display: none;\" width=\"26\" height=\"26\" alt=\"Loading\"><\/div><\/form><\/div>  <!-- .wpforms-container --><\/div><\/div><\/div><\/div><\/div><\/section>\n","protected":false},"excerpt":{"rendered":"HomePagesMaple Industry Council The MIC represents over fifty members with facilities throughout Quebec. Our offices are located in Granby, Mont\u00e9r\u00e9gie. Our business hours are 9 a.m. to 5 p.m., Monday to Friday. Head Office Marie-Pier P-S\u00e9guin General Manager info@cie-mic.com Location 216, rue Denison Est Granby (QC) J2H 2R6 CANADA Please enable JavaScript in your browser...","protected":false},"author":1,"featured_media":0,"parent":0,"menu_order":0,"comment_status":"closed","ping_status":"closed","template":"","meta":{"_acf_changed":false,"footnotes":""},"class_list":["post-629","page","type-page","status-publish","hentry"],"acf":[],"yoast_head":"<!-- This site is optimized with the Yoast SEO plugin v27.4 - https:\/\/yoast.com\/product\/yoast-seo-wordpress\/ -->\n<title>Contact Us | Conseil de l&#039;industrie de l&#039;\u00e9rable<\/title>\n<meta name=\"description\" content=\"Contact Us | Our offices are located in Granby, Mont\u00e9r\u00e9gie. Our opening hours are from 9 a.m. to 5 p.m., Monday to Friday.\" \/>\n<meta name=\"robots\" content=\"index, follow, max-snippet:-1, max-image-preview:large, max-video-preview:-1\" \/>\n<link rel=\"canonical\" href=\"https:\/\/cie-mic.com\/en\/contact-us\/\" \/>\n<meta property=\"og:locale\" content=\"en_US\" \/>\n<meta property=\"og:type\" content=\"article\" \/>\n<meta property=\"og:title\" content=\"Contact Us | Conseil de l&#039;industrie de l&#039;\u00e9rable\" \/>\n<meta property=\"og:description\" content=\"Contact Us | Our offices are located in Granby, Mont\u00e9r\u00e9gie. Our opening hours are from 9 a.m. to 5 p.m., Monday to Friday.\" \/>\n<meta property=\"og:url\" content=\"https:\/\/cie-mic.com\/en\/contact-us\/\" \/>\n<meta property=\"og:site_name\" content=\"Conseil de l&#039;industrie de l&#039;\u00e9rable\" \/>\n<meta property=\"article:modified_time\" content=\"2024-10-16T18:31:50+00:00\" \/>\n<meta property=\"og:image\" content=\"https:\/\/cie-mic.com\/dist\/assets\/uploads\/2024\/10\/img-default.jpg\" \/>\n\t<meta property=\"og:image:width\" content=\"1200\" \/>\n\t<meta property=\"og:image:height\" content=\"675\" \/>\n\t<meta property=\"og:image:type\" content=\"image\/jpeg\" \/>\n<meta name=\"twitter:card\" content=\"summary_large_image\" \/>\n<meta name=\"twitter:label1\" content=\"Est. reading time\" \/>\n\t<meta name=\"twitter:data1\" content=\"1 minute\" \/>\n<script type=\"application\/ld+json\" class=\"yoast-schema-graph\">{\"@context\":\"https:\\\/\\\/schema.org\",\"@graph\":[{\"@type\":\"WebPage\",\"@id\":\"https:\\\/\\\/cie-mic.com\\\/en\\\/contact-us\\\/\",\"url\":\"https:\\\/\\\/cie-mic.com\\\/en\\\/contact-us\\\/\",\"name\":\"Contact Us | Conseil de l&#039;industrie de l&#039;\u00e9rable\",\"isPartOf\":{\"@id\":\"https:\\\/\\\/cie-mic.com\\\/en\\\/#website\"},\"datePublished\":\"2024-05-24T17:43:24+00:00\",\"dateModified\":\"2024-10-16T18:31:50+00:00\",\"description\":\"Contact Us | Our offices are located in Granby, Mont\u00e9r\u00e9gie. Our opening hours are from 9 a.m. to 5 p.m., Monday to Friday.\",\"breadcrumb\":{\"@id\":\"https:\\\/\\\/cie-mic.com\\\/en\\\/contact-us\\\/#breadcrumb\"},\"inLanguage\":\"en-US\",\"potentialAction\":[{\"@type\":\"ReadAction\",\"target\":[\"https:\\\/\\\/cie-mic.com\\\/en\\\/contact-us\\\/\"]}]},{\"@type\":\"BreadcrumbList\",\"@id\":\"https:\\\/\\\/cie-mic.com\\\/en\\\/contact-us\\\/#breadcrumb\",\"itemListElement\":[{\"@type\":\"ListItem\",\"position\":1,\"name\":\"Accueil\",\"item\":\"https:\\\/\\\/cie-mic.com\\\/en\\\/\"},{\"@type\":\"ListItem\",\"position\":2,\"name\":\"Contact Us\"}]},{\"@type\":\"WebSite\",\"@id\":\"https:\\\/\\\/cie-mic.com\\\/en\\\/#website\",\"url\":\"https:\\\/\\\/cie-mic.com\\\/en\\\/\",\"name\":\"Conseil de l'industrie de l'\u00e9rable\",\"description\":\"Regroupement d\u2019acheteurs autoris\u00e9s\",\"publisher\":{\"@id\":\"https:\\\/\\\/cie-mic.com\\\/en\\\/#organization\"},\"alternateName\":\"CIE\",\"potentialAction\":[{\"@type\":\"SearchAction\",\"target\":{\"@type\":\"EntryPoint\",\"urlTemplate\":\"https:\\\/\\\/cie-mic.com\\\/en\\\/?s={search_term_string}\"},\"query-input\":{\"@type\":\"PropertyValueSpecification\",\"valueRequired\":true,\"valueName\":\"search_term_string\"}}],\"inLanguage\":\"en-US\"},{\"@type\":\"Organization\",\"@id\":\"https:\\\/\\\/cie-mic.com\\\/en\\\/#organization\",\"name\":\"Conseil de l'industrie de l'\u00e9rable\",\"url\":\"https:\\\/\\\/cie-mic.com\\\/en\\\/\",\"logo\":{\"@type\":\"ImageObject\",\"inLanguage\":\"en-US\",\"@id\":\"https:\\\/\\\/cie-mic.com\\\/en\\\/#\\\/schema\\\/logo\\\/image\\\/\",\"url\":\"https:\\\/\\\/cie-mic.com\\\/wp-content\\\/uploads\\\/2024\\\/10\\\/favicon.jpg\",\"contentUrl\":\"https:\\\/\\\/cie-mic.com\\\/wp-content\\\/uploads\\\/2024\\\/10\\\/favicon.jpg\",\"width\":512,\"height\":512,\"caption\":\"Conseil de l'industrie de l'\u00e9rable\"},\"image\":{\"@id\":\"https:\\\/\\\/cie-mic.com\\\/en\\\/#\\\/schema\\\/logo\\\/image\\\/\"}}]}<\/script>\n<!-- \/ Yoast SEO plugin. -->","yoast_head_json":{"title":"Contact Us | Conseil de l&#039;industrie de l&#039;\u00e9rable","description":"Contact Us | Our offices are located in Granby, Mont\u00e9r\u00e9gie. Our opening hours are from 9 a.m. to 5 p.m., Monday to Friday.","robots":{"index":"index","follow":"follow","max-snippet":"max-snippet:-1","max-image-preview":"max-image-preview:large","max-video-preview":"max-video-preview:-1"},"canonical":"https:\/\/cie-mic.com\/en\/contact-us\/","og_locale":"en_US","og_type":"article","og_title":"Contact Us | Conseil de l&#039;industrie de l&#039;\u00e9rable","og_description":"Contact Us | Our offices are located in Granby, Mont\u00e9r\u00e9gie. Our opening hours are from 9 a.m. to 5 p.m., Monday to Friday.","og_url":"https:\/\/cie-mic.com\/en\/contact-us\/","og_site_name":"Conseil de l&#039;industrie de l&#039;\u00e9rable","article_modified_time":"2024-10-16T18:31:50+00:00","og_image":[{"width":1200,"height":675,"url":"https:\/\/cie-mic.com\/dist\/assets\/uploads\/2024\/10\/img-default.jpg","type":"image\/jpeg"}],"twitter_card":"summary_large_image","twitter_misc":{"Est. reading time":"1 minute"},"schema":{"@context":"https:\/\/schema.org","@graph":[{"@type":"WebPage","@id":"https:\/\/cie-mic.com\/en\/contact-us\/","url":"https:\/\/cie-mic.com\/en\/contact-us\/","name":"Contact Us | Conseil de l&#039;industrie de l&#039;\u00e9rable","isPartOf":{"@id":"https:\/\/cie-mic.com\/en\/#website"},"datePublished":"2024-05-24T17:43:24+00:00","dateModified":"2024-10-16T18:31:50+00:00","description":"Contact Us | Our offices are located in Granby, Mont\u00e9r\u00e9gie. Our opening hours are from 9 a.m. to 5 p.m., Monday to Friday.","breadcrumb":{"@id":"https:\/\/cie-mic.com\/en\/contact-us\/#breadcrumb"},"inLanguage":"en-US","potentialAction":[{"@type":"ReadAction","target":["https:\/\/cie-mic.com\/en\/contact-us\/"]}]},{"@type":"BreadcrumbList","@id":"https:\/\/cie-mic.com\/en\/contact-us\/#breadcrumb","itemListElement":[{"@type":"ListItem","position":1,"name":"Accueil","item":"https:\/\/cie-mic.com\/en\/"},{"@type":"ListItem","position":2,"name":"Contact Us"}]},{"@type":"WebSite","@id":"https:\/\/cie-mic.com\/en\/#website","url":"https:\/\/cie-mic.com\/en\/","name":"Conseil de l'industrie de l'\u00e9rable","description":"Regroupement d\u2019acheteurs autoris\u00e9s","publisher":{"@id":"https:\/\/cie-mic.com\/en\/#organization"},"alternateName":"CIE","potentialAction":[{"@type":"SearchAction","target":{"@type":"EntryPoint","urlTemplate":"https:\/\/cie-mic.com\/en\/?s={search_term_string}"},"query-input":{"@type":"PropertyValueSpecification","valueRequired":true,"valueName":"search_term_string"}}],"inLanguage":"en-US"},{"@type":"Organization","@id":"https:\/\/cie-mic.com\/en\/#organization","name":"Conseil de l'industrie de l'\u00e9rable","url":"https:\/\/cie-mic.com\/en\/","logo":{"@type":"ImageObject","inLanguage":"en-US","@id":"https:\/\/cie-mic.com\/en\/#\/schema\/logo\/image\/","url":"https:\/\/cie-mic.com\/dist\/assets\/uploads\/2024\/10\/favicon.jpg","contentUrl":"https:\/\/cie-mic.com\/dist\/assets\/uploads\/2024\/10\/favicon.jpg","width":512,"height":512,"caption":"Conseil de l'industrie de l'\u00e9rable"},"image":{"@id":"https:\/\/cie-mic.com\/en\/#\/schema\/logo\/image\/"}}]}},"_links":{"self":[{"href":"https:\/\/cie-mic.com\/en\/wp-json\/wp\/v2\/pages\/629","targetHints":{"allow":["GET"]}}],"collection":[{"href":"https:\/\/cie-mic.com\/en\/wp-json\/wp\/v2\/pages"}],"about":[{"href":"https:\/\/cie-mic.com\/en\/wp-json\/wp\/v2\/types\/page"}],"author":[{"embeddable":true,"href":"https:\/\/cie-mic.com\/en\/wp-json\/wp\/v2\/users\/1"}],"replies":[{"embeddable":true,"href":"https:\/\/cie-mic.com\/en\/wp-json\/wp\/v2\/comments?post=629"}],"version-history":[{"count":2,"href":"https:\/\/cie-mic.com\/en\/wp-json\/wp\/v2\/pages\/629\/revisions"}],"predecessor-version":[{"id":902,"href":"https:\/\/cie-mic.com\/en\/wp-json\/wp\/v2\/pages\/629\/revisions\/902"}],"wp:attachment":[{"href":"https:\/\/cie-mic.com\/en\/wp-json\/wp\/v2\/media?parent=629"}],"curies":[{"name":"wp","href":"https:\/\/api.w.org\/{rel}","templated":true}]}}